{"id":80,"date":"2024-01-12T13:14:52","date_gmt":"2024-01-12T12:14:52","guid":{"rendered":"https:\/\/preweb.polvilagrasa.com\/?page_id=80"},"modified":"2025-12-12T18:41:44","modified_gmt":"2025-12-12T17:41:44","slug":"empreses","status":"publish","type":"page","link":"https:\/\/polvilagrasa.com\/ca\/empreses\/","title":{"rendered":"Empreses"},"content":{"rendered":"<div id=\"cs-content\" class=\"cs-content\"><\/div>\n","protected":false},"excerpt":{"rendered":"<p>empreses Els nostres advocats especialitzats compten amb un coneixement profund dels aspectes legals i t\u00e8cnics necessaris per la defensa i reclamaci\u00f3 en cadascun dels \u00e0mbits relacionats. Us assessoraran de forma pr\u00e8via en la contractaci\u00f3 de p\u00f2lisses d\u2019assegurances i, us guiaran en tot el procediment per tal de garantir al m\u00e0xim els vostres drets i interessos.Danysderivatsd&#8217;incendisi explosionsDanysper aiguai inundacionsSector agroalimentari:intoxicacionsi\/o danys &#8230; <\/p>\n<div><a href=\"https:\/\/polvilagrasa.com\/ca\/empreses\/\" class=\"more-link\">Read More<\/a><\/div>\n","protected":false},"author":2,"featured_media":0,"parent":0,"menu_order":0,"comment_status":"closed","ping_status":"closed","template":"template-blank-4.php","meta":{"rs_blank_template":"","rs_page_bg_color":"","slide_template_v7":"","footnotes":""},"class_list":["post-80","page","type-page","status-publish","hentry","no-post-thumbnail"],"yoast_head":"<!-- This site is optimized with the Yoast SEO plugin v27.1.1 - https:\/\/yoast.com\/product\/yoast-seo-wordpress\/ -->\n<title>Empreses - Pol \u00b7 Vilagrasa<\/title>\n<meta name=\"robots\" content=\"index, follow, max-snippet:-1, max-image-preview:large, max-video-preview:-1\" \/>\n<link rel=\"canonical\" href=\"https:\/\/polvilagrasa.com\/ca\/empreses\/\" \/>\n<meta property=\"og:locale\" content=\"ca_ES\" \/>\n<meta property=\"og:type\" content=\"article\" \/>\n<meta property=\"og:title\" content=\"Empreses - Pol \u00b7 Vilagrasa\" \/>\n<meta property=\"og:description\" content=\"empreses Els nostres advocats especialitzats compten amb un coneixement profund dels aspectes legals i t\u00e8cnics necessaris per la defensa i reclamaci\u00f3 en cadascun dels \u00e0mbits relacionats. Us assessoraran de forma pr\u00e8via en la contractaci\u00f3 de p\u00f2lisses d\u2019assegurances i, us guiaran en tot el procediment per tal de garantir al m\u00e0xim els vostres drets i interessos.Danysderivatsd&#039;incendisi explosionsDanysper aiguai inundacionsSector agroalimentari:intoxicacionsi\/o danys ... Read More\" \/>\n<meta property=\"og:url\" content=\"https:\/\/polvilagrasa.com\/ca\/empreses\/\" \/>\n<meta property=\"og:site_name\" content=\"Pol \u00b7 Vilagrasa\" \/>\n<meta property=\"article:modified_time\" content=\"2025-12-12T17:41:44+00:00\" \/>\n<meta name=\"twitter:card\" content=\"summary_large_image\" \/>\n<meta name=\"twitter:label1\" content=\"Temps estimat de lectura\" \/>\n\t<meta name=\"twitter:data1\" content=\"32 minuts\" \/>\n<script type=\"application\/ld+json\" class=\"yoast-schema-graph\">{\"@context\":\"https:\/\/schema.org\",\"@graph\":[{\"@type\":\"WebPage\",\"@id\":\"https:\/\/polvilagrasa.com\/ca\/empreses\/\",\"url\":\"https:\/\/polvilagrasa.com\/ca\/empreses\/\",\"name\":\"Empreses - Pol \u00b7 Vilagrasa\",\"isPartOf\":{\"@id\":\"https:\/\/polvilagrasa.com\/ca\/#website\"},\"datePublished\":\"2024-01-12T12:14:52+00:00\",\"dateModified\":\"2025-12-12T17:41:44+00:00\",\"breadcrumb\":{\"@id\":\"https:\/\/polvilagrasa.com\/ca\/empreses\/#breadcrumb\"},\"inLanguage\":\"ca\",\"potentialAction\":[{\"@type\":\"ReadAction\",\"target\":[\"https:\/\/polvilagrasa.com\/ca\/empreses\/\"]}]},{\"@type\":\"BreadcrumbList\",\"@id\":\"https:\/\/polvilagrasa.com\/ca\/empreses\/#breadcrumb\",\"itemListElement\":[{\"@type\":\"ListItem\",\"position\":1,\"name\":\"Portada\",\"item\":\"https:\/\/polvilagrasa.com\/ca\/pol-vilagrasa-advocats\/\"},{\"@type\":\"ListItem\",\"position\":2,\"name\":\"Empreses\"}]},{\"@type\":\"WebSite\",\"@id\":\"https:\/\/polvilagrasa.com\/ca\/#website\",\"url\":\"https:\/\/polvilagrasa.com\/ca\/\",\"name\":\"Pol \u00b7 Vilagrasa Advocats\",\"description\":\"Abogados\",\"publisher\":{\"@id\":\"https:\/\/polvilagrasa.com\/ca\/#organization\"},\"potentialAction\":[{\"@type\":\"SearchAction\",\"target\":{\"@type\":\"EntryPoint\",\"urlTemplate\":\"https:\/\/polvilagrasa.com\/ca\/?s={search_term_string}\"},\"query-input\":{\"@type\":\"PropertyValueSpecification\",\"valueRequired\":true,\"valueName\":\"search_term_string\"}}],\"inLanguage\":\"ca\"},{\"@type\":\"Organization\",\"@id\":\"https:\/\/polvilagrasa.com\/ca\/#organization\",\"name\":\"Pol \u00b7 Vilagrasa Advocats\",\"url\":\"https:\/\/polvilagrasa.com\/ca\/\",\"logo\":{\"@type\":\"ImageObject\",\"inLanguage\":\"ca\",\"@id\":\"https:\/\/polvilagrasa.com\/ca\/#\/schema\/logo\/image\/\",\"url\":\"https:\/\/polvilagrasa.com\/wp-content\/uploads\/2023\/04\/pol-vilagrasa-logo-es_05.png\",\"contentUrl\":\"https:\/\/polvilagrasa.com\/wp-content\/uploads\/2023\/04\/pol-vilagrasa-logo-es_05.png\",\"width\":363,\"height\":75,\"caption\":\"Pol \u00b7 Vilagrasa Advocats\"},\"image\":{\"@id\":\"https:\/\/polvilagrasa.com\/ca\/#\/schema\/logo\/image\/\"},\"sameAs\":[\"https:\/\/www.linkedin.com\/company\/pol-vilagrasa-advocats\/\"]}]}<\/script>\n<!-- \/ Yoast SEO plugin. -->","yoast_head_json":{"title":"Empreses - Pol \u00b7 Vilagrasa","robots":{"index":"index","follow":"follow","max-snippet":"max-snippet:-1","max-image-preview":"max-image-preview:large","max-video-preview":"max-video-preview:-1"},"canonical":"https:\/\/polvilagrasa.com\/ca\/empreses\/","og_locale":"ca_ES","og_type":"article","og_title":"Empreses - Pol \u00b7 Vilagrasa","og_description":"empreses Els nostres advocats especialitzats compten amb un coneixement profund dels aspectes legals i t\u00e8cnics necessaris per la defensa i reclamaci\u00f3 en cadascun dels \u00e0mbits relacionats. Us assessoraran de forma pr\u00e8via en la contractaci\u00f3 de p\u00f2lisses d\u2019assegurances i, us guiaran en tot el procediment per tal de garantir al m\u00e0xim els vostres drets i interessos.Danysderivatsd'incendisi explosionsDanysper aiguai inundacionsSector agroalimentari:intoxicacionsi\/o danys ... Read More","og_url":"https:\/\/polvilagrasa.com\/ca\/empreses\/","og_site_name":"Pol \u00b7 Vilagrasa","article_modified_time":"2025-12-12T17:41:44+00:00","twitter_card":"summary_large_image","twitter_misc":{"Temps estimat de lectura":"32 minuts"},"schema":{"@context":"https:\/\/schema.org","@graph":[{"@type":"WebPage","@id":"https:\/\/polvilagrasa.com\/ca\/empreses\/","url":"https:\/\/polvilagrasa.com\/ca\/empreses\/","name":"Empreses - Pol \u00b7 Vilagrasa","isPartOf":{"@id":"https:\/\/polvilagrasa.com\/ca\/#website"},"datePublished":"2024-01-12T12:14:52+00:00","dateModified":"2025-12-12T17:41:44+00:00","breadcrumb":{"@id":"https:\/\/polvilagrasa.com\/ca\/empreses\/#breadcrumb"},"inLanguage":"ca","potentialAction":[{"@type":"ReadAction","target":["https:\/\/polvilagrasa.com\/ca\/empreses\/"]}]},{"@type":"BreadcrumbList","@id":"https:\/\/polvilagrasa.com\/ca\/empreses\/#breadcrumb","itemListElement":[{"@type":"ListItem","position":1,"name":"Portada","item":"https:\/\/polvilagrasa.com\/ca\/pol-vilagrasa-advocats\/"},{"@type":"ListItem","position":2,"name":"Empreses"}]},{"@type":"WebSite","@id":"https:\/\/polvilagrasa.com\/ca\/#website","url":"https:\/\/polvilagrasa.com\/ca\/","name":"Pol \u00b7 Vilagrasa Advocats","description":"Abogados","publisher":{"@id":"https:\/\/polvilagrasa.com\/ca\/#organization"},"potentialAction":[{"@type":"SearchAction","target":{"@type":"EntryPoint","urlTemplate":"https:\/\/polvilagrasa.com\/ca\/?s={search_term_string}"},"query-input":{"@type":"PropertyValueSpecification","valueRequired":true,"valueName":"search_term_string"}}],"inLanguage":"ca"},{"@type":"Organization","@id":"https:\/\/polvilagrasa.com\/ca\/#organization","name":"Pol \u00b7 Vilagrasa Advocats","url":"https:\/\/polvilagrasa.com\/ca\/","logo":{"@type":"ImageObject","inLanguage":"ca","@id":"https:\/\/polvilagrasa.com\/ca\/#\/schema\/logo\/image\/","url":"https:\/\/polvilagrasa.com\/wp-content\/uploads\/2023\/04\/pol-vilagrasa-logo-es_05.png","contentUrl":"https:\/\/polvilagrasa.com\/wp-content\/uploads\/2023\/04\/pol-vilagrasa-logo-es_05.png","width":363,"height":75,"caption":"Pol \u00b7 Vilagrasa Advocats"},"image":{"@id":"https:\/\/polvilagrasa.com\/ca\/#\/schema\/logo\/image\/"},"sameAs":["https:\/\/www.linkedin.com\/company\/pol-vilagrasa-advocats\/"]}]}},"_links":{"self":[{"href":"https:\/\/polvilagrasa.com\/ca\/wp-json\/wp\/v2\/pages\/80","targetHints":{"allow":["GET"]}}],"collection":[{"href":"https:\/\/polvilagrasa.com\/ca\/wp-json\/wp\/v2\/pages"}],"about":[{"href":"https:\/\/polvilagrasa.com\/ca\/wp-json\/wp\/v2\/types\/page"}],"author":[{"embeddable":true,"href":"https:\/\/polvilagrasa.com\/ca\/wp-json\/wp\/v2\/users\/2"}],"replies":[{"embeddable":true,"href":"https:\/\/polvilagrasa.com\/ca\/wp-json\/wp\/v2\/comments?post=80"}],"version-history":[{"count":106,"href":"https:\/\/polvilagrasa.com\/ca\/wp-json\/wp\/v2\/pages\/80\/revisions"}],"predecessor-version":[{"id":307,"href":"https:\/\/polvilagrasa.com\/ca\/wp-json\/wp\/v2\/pages\/80\/revisions\/307"}],"wp:attachment":[{"href":"https:\/\/polvilagrasa.com\/ca\/wp-json\/wp\/v2\/media?parent=80"}],"curies":[{"name":"wp","href":"https:\/\/api.w.org\/{rel}","templated":true}]}}