{"id":388,"date":"2025-07-30T10:38:02","date_gmt":"2025-07-30T09:38:02","guid":{"rendered":"https:\/\/preweb.polvilagrasa.com\/?page_id=388"},"modified":"2025-12-12T18:19:46","modified_gmt":"2025-12-12T17:19:46","slug":"serveis","status":"publish","type":"page","link":"https:\/\/polvilagrasa.com\/ca\/serveis\/","title":{"rendered":"Serveis"},"content":{"rendered":"<div id=\"cs-content\" class=\"cs-content\"><\/div>\n","protected":false},"excerpt":{"rendered":"<p>serveis La nostra experi\u00e8ncia i especialitzaci\u00f3 ens dona la capacitat d\u2019afrontar assumptes altament complexos. Aix\u00ed mateix, el nostre coneixement del sector assegurador ens permet oferir un assessorament previ en la contractaci\u00f3 de p\u00f2lisses d\u2019assegurances i, en el seu cas, agilitzar els processos de reclamaci\u00f3. Per altra banda, els nostres advocats combinen el coneixement del dret d\u2019assegurances amb el coneixement de &#8230; <\/p>\n<div><a href=\"https:\/\/polvilagrasa.com\/ca\/serveis\/\" class=\"more-link\">Read More<\/a><\/div>\n","protected":false},"author":2,"featured_media":0,"parent":0,"menu_order":0,"comment_status":"closed","ping_status":"closed","template":"template-blank-4.php","meta":{"rs_blank_template":"","rs_page_bg_color":"","slide_template_v7":"","footnotes":""},"class_list":["post-388","page","type-page","status-publish","hentry","no-post-thumbnail"],"yoast_head":"<!-- This site is optimized with the Yoast SEO plugin v27.1.1 - https:\/\/yoast.com\/product\/yoast-seo-wordpress\/ -->\n<title>Serveis - Pol \u00b7 Vilagrasa<\/title>\n<meta name=\"robots\" content=\"index, follow, max-snippet:-1, max-image-preview:large, max-video-preview:-1\" \/>\n<link rel=\"canonical\" href=\"https:\/\/polvilagrasa.com\/ca\/serveis\/\" \/>\n<meta property=\"og:locale\" content=\"ca_ES\" \/>\n<meta property=\"og:type\" content=\"article\" \/>\n<meta property=\"og:title\" content=\"Serveis - Pol \u00b7 Vilagrasa\" \/>\n<meta property=\"og:description\" content=\"serveis La nostra experi\u00e8ncia i especialitzaci\u00f3 ens dona la capacitat d\u2019afrontar assumptes altament complexos. Aix\u00ed mateix, el nostre coneixement del sector assegurador ens permet oferir un assessorament previ en la contractaci\u00f3 de p\u00f2lisses d\u2019assegurances i, en el seu cas, agilitzar els processos de reclamaci\u00f3. Per altra banda, els nostres advocats combinen el coneixement del dret d\u2019assegurances amb el coneixement de ... Read More\" \/>\n<meta property=\"og:url\" content=\"https:\/\/polvilagrasa.com\/ca\/serveis\/\" \/>\n<meta property=\"og:site_name\" content=\"Pol \u00b7 Vilagrasa\" \/>\n<meta property=\"article:modified_time\" content=\"2025-12-12T17:19:46+00:00\" \/>\n<meta name=\"twitter:card\" content=\"summary_large_image\" \/>\n<meta name=\"twitter:label1\" content=\"Temps estimat de lectura\" \/>\n\t<meta name=\"twitter:data1\" content=\"1 minut\" \/>\n<script type=\"application\/ld+json\" class=\"yoast-schema-graph\">{\"@context\":\"https:\/\/schema.org\",\"@graph\":[{\"@type\":\"WebPage\",\"@id\":\"https:\/\/polvilagrasa.com\/ca\/serveis\/\",\"url\":\"https:\/\/polvilagrasa.com\/ca\/serveis\/\",\"name\":\"Serveis - Pol \u00b7 Vilagrasa\",\"isPartOf\":{\"@id\":\"https:\/\/polvilagrasa.com\/ca\/#website\"},\"datePublished\":\"2025-07-30T09:38:02+00:00\",\"dateModified\":\"2025-12-12T17:19:46+00:00\",\"breadcrumb\":{\"@id\":\"https:\/\/polvilagrasa.com\/ca\/serveis\/#breadcrumb\"},\"inLanguage\":\"ca\",\"potentialAction\":[{\"@type\":\"ReadAction\",\"target\":[\"https:\/\/polvilagrasa.com\/ca\/serveis\/\"]}]},{\"@type\":\"BreadcrumbList\",\"@id\":\"https:\/\/polvilagrasa.com\/ca\/serveis\/#breadcrumb\",\"itemListElement\":[{\"@type\":\"ListItem\",\"position\":1,\"name\":\"Portada\",\"item\":\"https:\/\/polvilagrasa.com\/ca\/pol-vilagrasa-advocats\/\"},{\"@type\":\"ListItem\",\"position\":2,\"name\":\"Serveis\"}]},{\"@type\":\"WebSite\",\"@id\":\"https:\/\/polvilagrasa.com\/ca\/#website\",\"url\":\"https:\/\/polvilagrasa.com\/ca\/\",\"name\":\"Pol \u00b7 Vilagrasa Advocats\",\"description\":\"Abogados\",\"publisher\":{\"@id\":\"https:\/\/polvilagrasa.com\/ca\/#organization\"},\"potentialAction\":[{\"@type\":\"SearchAction\",\"target\":{\"@type\":\"EntryPoint\",\"urlTemplate\":\"https:\/\/polvilagrasa.com\/ca\/?s={search_term_string}\"},\"query-input\":{\"@type\":\"PropertyValueSpecification\",\"valueRequired\":true,\"valueName\":\"search_term_string\"}}],\"inLanguage\":\"ca\"},{\"@type\":\"Organization\",\"@id\":\"https:\/\/polvilagrasa.com\/ca\/#organization\",\"name\":\"Pol \u00b7 Vilagrasa Advocats\",\"url\":\"https:\/\/polvilagrasa.com\/ca\/\",\"logo\":{\"@type\":\"ImageObject\",\"inLanguage\":\"ca\",\"@id\":\"https:\/\/polvilagrasa.com\/ca\/#\/schema\/logo\/image\/\",\"url\":\"https:\/\/polvilagrasa.com\/wp-content\/uploads\/2023\/04\/pol-vilagrasa-logo-es_05.png\",\"contentUrl\":\"https:\/\/polvilagrasa.com\/wp-content\/uploads\/2023\/04\/pol-vilagrasa-logo-es_05.png\",\"width\":363,\"height\":75,\"caption\":\"Pol \u00b7 Vilagrasa Advocats\"},\"image\":{\"@id\":\"https:\/\/polvilagrasa.com\/ca\/#\/schema\/logo\/image\/\"},\"sameAs\":[\"https:\/\/www.linkedin.com\/company\/pol-vilagrasa-advocats\/\"]}]}<\/script>\n<!-- \/ Yoast SEO plugin. -->","yoast_head_json":{"title":"Serveis - Pol \u00b7 Vilagrasa","robots":{"index":"index","follow":"follow","max-snippet":"max-snippet:-1","max-image-preview":"max-image-preview:large","max-video-preview":"max-video-preview:-1"},"canonical":"https:\/\/polvilagrasa.com\/ca\/serveis\/","og_locale":"ca_ES","og_type":"article","og_title":"Serveis - Pol \u00b7 Vilagrasa","og_description":"serveis La nostra experi\u00e8ncia i especialitzaci\u00f3 ens dona la capacitat d\u2019afrontar assumptes altament complexos. Aix\u00ed mateix, el nostre coneixement del sector assegurador ens permet oferir un assessorament previ en la contractaci\u00f3 de p\u00f2lisses d\u2019assegurances i, en el seu cas, agilitzar els processos de reclamaci\u00f3. Per altra banda, els nostres advocats combinen el coneixement del dret d\u2019assegurances amb el coneixement de ... Read More","og_url":"https:\/\/polvilagrasa.com\/ca\/serveis\/","og_site_name":"Pol \u00b7 Vilagrasa","article_modified_time":"2025-12-12T17:19:46+00:00","twitter_card":"summary_large_image","twitter_misc":{"Temps estimat de lectura":"1 minut"},"schema":{"@context":"https:\/\/schema.org","@graph":[{"@type":"WebPage","@id":"https:\/\/polvilagrasa.com\/ca\/serveis\/","url":"https:\/\/polvilagrasa.com\/ca\/serveis\/","name":"Serveis - Pol \u00b7 Vilagrasa","isPartOf":{"@id":"https:\/\/polvilagrasa.com\/ca\/#website"},"datePublished":"2025-07-30T09:38:02+00:00","dateModified":"2025-12-12T17:19:46+00:00","breadcrumb":{"@id":"https:\/\/polvilagrasa.com\/ca\/serveis\/#breadcrumb"},"inLanguage":"ca","potentialAction":[{"@type":"ReadAction","target":["https:\/\/polvilagrasa.com\/ca\/serveis\/"]}]},{"@type":"BreadcrumbList","@id":"https:\/\/polvilagrasa.com\/ca\/serveis\/#breadcrumb","itemListElement":[{"@type":"ListItem","position":1,"name":"Portada","item":"https:\/\/polvilagrasa.com\/ca\/pol-vilagrasa-advocats\/"},{"@type":"ListItem","position":2,"name":"Serveis"}]},{"@type":"WebSite","@id":"https:\/\/polvilagrasa.com\/ca\/#website","url":"https:\/\/polvilagrasa.com\/ca\/","name":"Pol \u00b7 Vilagrasa Advocats","description":"Abogados","publisher":{"@id":"https:\/\/polvilagrasa.com\/ca\/#organization"},"potentialAction":[{"@type":"SearchAction","target":{"@type":"EntryPoint","urlTemplate":"https:\/\/polvilagrasa.com\/ca\/?s={search_term_string}"},"query-input":{"@type":"PropertyValueSpecification","valueRequired":true,"valueName":"search_term_string"}}],"inLanguage":"ca"},{"@type":"Organization","@id":"https:\/\/polvilagrasa.com\/ca\/#organization","name":"Pol \u00b7 Vilagrasa Advocats","url":"https:\/\/polvilagrasa.com\/ca\/","logo":{"@type":"ImageObject","inLanguage":"ca","@id":"https:\/\/polvilagrasa.com\/ca\/#\/schema\/logo\/image\/","url":"https:\/\/polvilagrasa.com\/wp-content\/uploads\/2023\/04\/pol-vilagrasa-logo-es_05.png","contentUrl":"https:\/\/polvilagrasa.com\/wp-content\/uploads\/2023\/04\/pol-vilagrasa-logo-es_05.png","width":363,"height":75,"caption":"Pol \u00b7 Vilagrasa Advocats"},"image":{"@id":"https:\/\/polvilagrasa.com\/ca\/#\/schema\/logo\/image\/"},"sameAs":["https:\/\/www.linkedin.com\/company\/pol-vilagrasa-advocats\/"]}]}},"_links":{"self":[{"href":"https:\/\/polvilagrasa.com\/ca\/wp-json\/wp\/v2\/pages\/388","targetHints":{"allow":["GET"]}}],"collection":[{"href":"https:\/\/polvilagrasa.com\/ca\/wp-json\/wp\/v2\/pages"}],"about":[{"href":"https:\/\/polvilagrasa.com\/ca\/wp-json\/wp\/v2\/types\/page"}],"author":[{"embeddable":true,"href":"https:\/\/polvilagrasa.com\/ca\/wp-json\/wp\/v2\/users\/2"}],"replies":[{"embeddable":true,"href":"https:\/\/polvilagrasa.com\/ca\/wp-json\/wp\/v2\/comments?post=388"}],"version-history":[{"count":5,"href":"https:\/\/polvilagrasa.com\/ca\/wp-json\/wp\/v2\/pages\/388\/revisions"}],"predecessor-version":[{"id":394,"href":"https:\/\/polvilagrasa.com\/ca\/wp-json\/wp\/v2\/pages\/388\/revisions\/394"}],"wp:attachment":[{"href":"https:\/\/polvilagrasa.com\/ca\/wp-json\/wp\/v2\/media?parent=388"}],"curies":[{"name":"wp","href":"https:\/\/api.w.org\/{rel}","templated":true}]}}