{"id":12,"date":"2023-01-16T13:50:22","date_gmt":"2023-01-16T12:50:22","guid":{"rendered":"http:\/\/preweb.polvilagrasa.com\/?page_id=12"},"modified":"2026-01-23T10:26:03","modified_gmt":"2026-01-23T09:26:03","slug":"pol-vilagrasa-advocats","status":"publish","type":"page","link":"https:\/\/polvilagrasa.com\/ca\/","title":{"rendered":"Pol Vilagrasa Advocats"},"content":{"rendered":"<div id=\"cs-content\" class=\"cs-content\"><\/div>\n","protected":false},"excerpt":{"rendered":"<p>som advocatsexperts enresponsabilitat civil Has patit un accident, un sinistre o danys? podem ajudar-te empresesparticulars\u00bfcomo podemos ayudarte? particularesLa nostra experi\u00e8ncia i especialitzaci\u00f3, aix\u00ed com la col\u00b7laboraci\u00f3 amb p\u00e8rits experts en diferents mat\u00e8ries, ens d\u00f3na la capacitat d\u2019afrontar assumptes altament complexos. Aix\u00ed mateix, el nostre coneixement del sector assegurador ens permet agilitzar els processos de reclamaci\u00f3.empresasLa nostra experi\u00e8ncia i especialitzaci\u00f3, aix\u00ed &#8230; <\/p>\n<div><a href=\"https:\/\/polvilagrasa.com\/ca\/\" class=\"more-link\">Read More<\/a><\/div>\n","protected":false},"author":2,"featured_media":0,"parent":0,"menu_order":0,"comment_status":"closed","ping_status":"closed","template":"template-blank-4.php","meta":{"rs_blank_template":"","rs_page_bg_color":"","slide_template_v7":"","footnotes":""},"class_list":["post-12","page","type-page","status-publish","hentry","no-post-thumbnail"],"yoast_head":"<!-- This site is optimized with the Yoast SEO plugin v27.1.1 - https:\/\/yoast.com\/product\/yoast-seo-wordpress\/ -->\n<title>Pol Vilagrasa Advocats - Pol \u00b7 Vilagrasa<\/title>\n<meta name=\"robots\" content=\"index, follow, max-snippet:-1, max-image-preview:large, max-video-preview:-1\" \/>\n<link rel=\"canonical\" href=\"https:\/\/polvilagrasa.com\/ca\/\" \/>\n<meta property=\"og:locale\" content=\"ca_ES\" \/>\n<meta property=\"og:type\" content=\"article\" \/>\n<meta property=\"og:title\" content=\"Pol Vilagrasa Advocats - Pol \u00b7 Vilagrasa\" \/>\n<meta property=\"og:description\" content=\"som advocatsexperts enresponsabilitat civil Has patit un accident, un sinistre o danys? podem ajudar-te empresesparticulars\u00bfcomo podemos ayudarte? particularesLa nostra experi\u00e8ncia i especialitzaci\u00f3, aix\u00ed com la col\u00b7laboraci\u00f3 amb p\u00e8rits experts en diferents mat\u00e8ries, ens d\u00f3na la capacitat d\u2019afrontar assumptes altament complexos. Aix\u00ed mateix, el nostre coneixement del sector assegurador ens permet agilitzar els processos de reclamaci\u00f3.empresasLa nostra experi\u00e8ncia i especialitzaci\u00f3, aix\u00ed ... Read More\" \/>\n<meta property=\"og:url\" content=\"https:\/\/polvilagrasa.com\/ca\/\" \/>\n<meta property=\"og:site_name\" content=\"Pol \u00b7 Vilagrasa\" \/>\n<meta property=\"article:modified_time\" content=\"2026-01-23T09:26:03+00:00\" \/>\n<meta name=\"twitter:card\" content=\"summary_large_image\" \/>\n<meta name=\"twitter:label1\" content=\"Temps estimat de lectura\" \/>\n\t<meta name=\"twitter:data1\" content=\"5 minuts\" \/>\n<script type=\"application\/ld+json\" class=\"yoast-schema-graph\">{\"@context\":\"https:\/\/schema.org\",\"@graph\":[{\"@type\":\"WebPage\",\"@id\":\"https:\/\/polvilagrasa.com\/ca\/\",\"url\":\"https:\/\/polvilagrasa.com\/ca\/\",\"name\":\"Pol Vilagrasa Advocats - Pol \u00b7 Vilagrasa\",\"isPartOf\":{\"@id\":\"https:\/\/polvilagrasa.com\/ca\/#website\"},\"datePublished\":\"2023-01-16T12:50:22+00:00\",\"dateModified\":\"2026-01-23T09:26:03+00:00\",\"breadcrumb\":{\"@id\":\"https:\/\/polvilagrasa.com\/ca\/#breadcrumb\"},\"inLanguage\":\"ca\",\"potentialAction\":[{\"@type\":\"ReadAction\",\"target\":[\"https:\/\/polvilagrasa.com\/ca\/\"]}]},{\"@type\":\"BreadcrumbList\",\"@id\":\"https:\/\/polvilagrasa.com\/ca\/#breadcrumb\",\"itemListElement\":[{\"@type\":\"ListItem\",\"position\":1,\"name\":\"Portada\",\"item\":\"https:\/\/polvilagrasa.com\/ca\/pol-vilagrasa-advocats\/\"},{\"@type\":\"ListItem\",\"position\":2,\"name\":\"Pol Vilagrasa Advocats\"}]},{\"@type\":\"WebSite\",\"@id\":\"https:\/\/polvilagrasa.com\/ca\/#website\",\"url\":\"https:\/\/polvilagrasa.com\/ca\/\",\"name\":\"Pol \u00b7 Vilagrasa Advocats\",\"description\":\"Abogados\",\"publisher\":{\"@id\":\"https:\/\/polvilagrasa.com\/ca\/#organization\"},\"potentialAction\":[{\"@type\":\"SearchAction\",\"target\":{\"@type\":\"EntryPoint\",\"urlTemplate\":\"https:\/\/polvilagrasa.com\/ca\/?s={search_term_string}\"},\"query-input\":{\"@type\":\"PropertyValueSpecification\",\"valueRequired\":true,\"valueName\":\"search_term_string\"}}],\"inLanguage\":\"ca\"},{\"@type\":\"Organization\",\"@id\":\"https:\/\/polvilagrasa.com\/ca\/#organization\",\"name\":\"Pol \u00b7 Vilagrasa Advocats\",\"url\":\"https:\/\/polvilagrasa.com\/ca\/\",\"logo\":{\"@type\":\"ImageObject\",\"inLanguage\":\"ca\",\"@id\":\"https:\/\/polvilagrasa.com\/ca\/#\/schema\/logo\/image\/\",\"url\":\"https:\/\/polvilagrasa.com\/wp-content\/uploads\/2023\/04\/pol-vilagrasa-logo-es_05.png\",\"contentUrl\":\"https:\/\/polvilagrasa.com\/wp-content\/uploads\/2023\/04\/pol-vilagrasa-logo-es_05.png\",\"width\":363,\"height\":75,\"caption\":\"Pol \u00b7 Vilagrasa Advocats\"},\"image\":{\"@id\":\"https:\/\/polvilagrasa.com\/ca\/#\/schema\/logo\/image\/\"},\"sameAs\":[\"https:\/\/www.linkedin.com\/company\/pol-vilagrasa-advocats\/\"]}]}<\/script>\n<!-- \/ Yoast SEO plugin. -->","yoast_head_json":{"title":"Pol Vilagrasa Advocats - Pol \u00b7 Vilagrasa","robots":{"index":"index","follow":"follow","max-snippet":"max-snippet:-1","max-image-preview":"max-image-preview:large","max-video-preview":"max-video-preview:-1"},"canonical":"https:\/\/polvilagrasa.com\/ca\/","og_locale":"ca_ES","og_type":"article","og_title":"Pol Vilagrasa Advocats - Pol \u00b7 Vilagrasa","og_description":"som advocatsexperts enresponsabilitat civil Has patit un accident, un sinistre o danys? podem ajudar-te empresesparticulars\u00bfcomo podemos ayudarte? particularesLa nostra experi\u00e8ncia i especialitzaci\u00f3, aix\u00ed com la col\u00b7laboraci\u00f3 amb p\u00e8rits experts en diferents mat\u00e8ries, ens d\u00f3na la capacitat d\u2019afrontar assumptes altament complexos. Aix\u00ed mateix, el nostre coneixement del sector assegurador ens permet agilitzar els processos de reclamaci\u00f3.empresasLa nostra experi\u00e8ncia i especialitzaci\u00f3, aix\u00ed ... Read More","og_url":"https:\/\/polvilagrasa.com\/ca\/","og_site_name":"Pol \u00b7 Vilagrasa","article_modified_time":"2026-01-23T09:26:03+00:00","twitter_card":"summary_large_image","twitter_misc":{"Temps estimat de lectura":"5 minuts"},"schema":{"@context":"https:\/\/schema.org","@graph":[{"@type":"WebPage","@id":"https:\/\/polvilagrasa.com\/ca\/","url":"https:\/\/polvilagrasa.com\/ca\/","name":"Pol Vilagrasa Advocats - Pol \u00b7 Vilagrasa","isPartOf":{"@id":"https:\/\/polvilagrasa.com\/ca\/#website"},"datePublished":"2023-01-16T12:50:22+00:00","dateModified":"2026-01-23T09:26:03+00:00","breadcrumb":{"@id":"https:\/\/polvilagrasa.com\/ca\/#breadcrumb"},"inLanguage":"ca","potentialAction":[{"@type":"ReadAction","target":["https:\/\/polvilagrasa.com\/ca\/"]}]},{"@type":"BreadcrumbList","@id":"https:\/\/polvilagrasa.com\/ca\/#breadcrumb","itemListElement":[{"@type":"ListItem","position":1,"name":"Portada","item":"https:\/\/polvilagrasa.com\/ca\/pol-vilagrasa-advocats\/"},{"@type":"ListItem","position":2,"name":"Pol Vilagrasa Advocats"}]},{"@type":"WebSite","@id":"https:\/\/polvilagrasa.com\/ca\/#website","url":"https:\/\/polvilagrasa.com\/ca\/","name":"Pol \u00b7 Vilagrasa Advocats","description":"Abogados","publisher":{"@id":"https:\/\/polvilagrasa.com\/ca\/#organization"},"potentialAction":[{"@type":"SearchAction","target":{"@type":"EntryPoint","urlTemplate":"https:\/\/polvilagrasa.com\/ca\/?s={search_term_string}"},"query-input":{"@type":"PropertyValueSpecification","valueRequired":true,"valueName":"search_term_string"}}],"inLanguage":"ca"},{"@type":"Organization","@id":"https:\/\/polvilagrasa.com\/ca\/#organization","name":"Pol \u00b7 Vilagrasa Advocats","url":"https:\/\/polvilagrasa.com\/ca\/","logo":{"@type":"ImageObject","inLanguage":"ca","@id":"https:\/\/polvilagrasa.com\/ca\/#\/schema\/logo\/image\/","url":"https:\/\/polvilagrasa.com\/wp-content\/uploads\/2023\/04\/pol-vilagrasa-logo-es_05.png","contentUrl":"https:\/\/polvilagrasa.com\/wp-content\/uploads\/2023\/04\/pol-vilagrasa-logo-es_05.png","width":363,"height":75,"caption":"Pol \u00b7 Vilagrasa Advocats"},"image":{"@id":"https:\/\/polvilagrasa.com\/ca\/#\/schema\/logo\/image\/"},"sameAs":["https:\/\/www.linkedin.com\/company\/pol-vilagrasa-advocats\/"]}]}},"_links":{"self":[{"href":"https:\/\/polvilagrasa.com\/ca\/wp-json\/wp\/v2\/pages\/12","targetHints":{"allow":["GET"]}}],"collection":[{"href":"https:\/\/polvilagrasa.com\/ca\/wp-json\/wp\/v2\/pages"}],"about":[{"href":"https:\/\/polvilagrasa.com\/ca\/wp-json\/wp\/v2\/types\/page"}],"author":[{"embeddable":true,"href":"https:\/\/polvilagrasa.com\/ca\/wp-json\/wp\/v2\/users\/2"}],"replies":[{"embeddable":true,"href":"https:\/\/polvilagrasa.com\/ca\/wp-json\/wp\/v2\/comments?post=12"}],"version-history":[{"count":57,"href":"https:\/\/polvilagrasa.com\/ca\/wp-json\/wp\/v2\/pages\/12\/revisions"}],"predecessor-version":[{"id":856,"href":"https:\/\/polvilagrasa.com\/ca\/wp-json\/wp\/v2\/pages\/12\/revisions\/856"}],"wp:attachment":[{"href":"https:\/\/polvilagrasa.com\/ca\/wp-json\/wp\/v2\/media?parent=12"}],"curies":[{"name":"wp","href":"https:\/\/api.w.org\/{rel}","templated":true}]}}